{"id":4309,"date":"2024-01-09T22:18:07","date_gmt":"2024-01-09T22:18:07","guid":{"rendered":"https:\/\/i-b2b.co\/?page_id=4309"},"modified":"2024-01-19T00:14:33","modified_gmt":"2024-01-19T00:14:33","slug":"stitch-text-expo-2020-french","status":"publish","type":"page","link":"https:\/\/i-b2b.co\/fr\/stitch-text-expo-2020-french\/","title":{"rendered":"Stitch Text Expo 2020"},"content":{"rendered":"<div class=\"wpb-content-wrapper\"><p>[vc_row wrap_container=\u00a0\u00bbyes\u00a0\u00bb conditional_render=\u00a0\u00bb%5B%7B%22value_role%22%3A%22administrator%22%7D%5D\u00a0\u00bb css=\u00a0\u00bb.vc_custom_1701603244897{margin-top: 40px !important;}\u00a0\u00bb][vc_column width=\u00a0\u00bb1\/2&Prime; conditional_render=\u00a0\u00bb%5B%7B%22value_role%22%3A%22administrator%22%7D%5D\u00a0\u00bb css=\u00a0\u00bb.vc_custom_1701603264086{margin-bottom: 100px !important;}\u00a0\u00bb]<div class=\"porto-sicon-box  wpb_custom_1efe903570d178ff0a9b7bfa5febd3a4 style_1 default-icon flex-wrap\"><div class=\"porto-sicon-header\"><h2 class=\"porto-sicon-title\" style=\"\">\u00c0 propos de la mission<\/h2><\/div> <!-- header --><div class=\"porto-sicon-description\" style=\"\">\n<div class=\"porto-sicon-header\">\n<p class=\"porto-sicon-title\">La soci\u00e9t\u00e9 a pass\u00e9 un contrat avec la soci\u00e9t\u00e9 Vision Fairs pour organiser des r\u00e9unions bilat\u00e9rales pour les entreprises \u00e9gyptiennes participant \u00e0 l&rsquo;exposition. et les soci\u00e9t\u00e9s importatrices africaines d&rsquo;importation de couture, de broderie, de tissus et de leurs accessoires, elle s&rsquo;est tenue du 27 f\u00e9vrier 2020 au 1er mars 2020, au Centre international de conf\u00e9rences du Caire (CICC). Cette exposition sera compos\u00e9e des plus grandes entreprises mondiales (exportateurs ). Cet \u00e9v\u00e9nement offre aux entreprises africaines des opportunit\u00e9s uniques de rencontrer leurs homologues et d&rsquo;explorer davantage d&rsquo;opportunit\u00e9s concernant les produits. Les expositions comprendront de nombreuses r\u00e9unions d&rsquo;affaires bilat\u00e9rales entre exportateurs du monde entier et importateurs africains qui renforceront les relations \u00e9conomiques entre eux.<\/p>\n<\/div>\n<p><\/div> <!-- description --><\/div><!-- porto-sicon-box -->[\/vc_column][vc_column width=\u00a0\u00bb1\/2&Prime; conditional_render=\u00a0\u00bb%5B%7B%22value_role%22%3A%22administrator%22%7D%5D\u00a0\u00bb][vc_single_image image=\u00a0\u00bb4313&Prime; img_size=\u00a0\u00bbfull\u00a0\u00bb alignment=\u00a0\u00bbcenter\u00a0\u00bb style=\u00a0\u00bbvc_box_border\u00a0\u00bb css=\u00a0\u00bb.vc_custom_1704874585412{margin-top: 0px !important;margin-right: 0px !important;margin-bottom: 0px !important;margin-left: 0px !important;padding-top: 1px !important;padding-right: 1px !important;padding-bottom: 1px !important;padding-left: 1px !important;border-radius: 10px !important;}\u00a0\u00bb label=\u00a0\u00bb\u00a0\u00bb][vc_empty_space][\/vc_column][\/vc_row][vc_row full_width=\u00a0\u00bbstretch_row\u00a0\u00bb wrap_container=\u00a0\u00bbyes\u00a0\u00bb conditional_render=\u00a0\u00bb%5B%7B%22value_role%22%3A%22administrator%22%7D%5D\u00a0\u00bb css=\u00a0\u00bb.vc_custom_1701602692774{margin-top: 40px !important;margin-bottom: 40px !important;padding-top: 80px !important;padding-bottom: 80px !important;background-image: url(https:\/\/i-b2b.co\/wp-content\/uploads\/2021\/05\/slide-3.jpg?id=659) !important;}\u00a0\u00bb][vc_column][vc_empty_space][vc_custom_heading text=\u00a0\u00bbR\u00e9sultats de la mission\u00a0\u00bb font_container=\u00a0\u00bbtag:h3|font_size:2.7rem|text_align:left|color:%23ffffff|line_height:1.1em\u00a0\u00bb use_theme_fonts=\u00a0\u00bbyes\u00a0\u00bb font_weight=\u00a0\u00bb600&Prime; letter_spacing=\u00a0\u00bb-2.16px\u00a0\u00bb css=\u00a0\u00bb.vc_custom_1702569638422{margin-bottom: 2.6875rem !important;}\u00a0\u00bb][vc_empty_space][\/vc_column][vc_column][vc_row_inner][vc_column_inner width=\u00a0\u00bb1\/4&Prime;]<div class=\"stats-block stats-top   wpb_custom_5eff5d63bc0ab1bddede086b18a9a6ca\"><div class=\"porto-sicon-top\"><div class=\"porto-just-icon-wrapper porto-icon none\" style=\"color:#ffffff;font-size:55px;\"><i class=\"fas fa-users\"><\/i><\/div><\/div><div class=\"stats-desc\"><div id=\"counter_153347664569defbce07b35\" data-id=\"counter_153347664569defbce07b35\" class=\"stats-number\" style=\" color:#ffffff;\" data-speed=\"5\" data-counter-value=\"100\" data-separator=\",\" data-decimal=\".\">0<\/div><div class=\"stats-text\" style=\"color:#ffffff;\">Exposantes<\/div><\/div><\/div>[\/vc_column_inner][vc_column_inner width=\u00a0\u00bb1\/4&Prime;]<div class=\"stats-block stats-top   wpb_custom_5eff5d63bc0ab1bddede086b18a9a6ca\"><div class=\"porto-sicon-top\"><div class=\"porto-just-icon-wrapper porto-icon none\" style=\"color:#ffffff;font-size:55px;\"><i class=\"fas fa-dollar-sign\"><\/i><\/div><\/div><div class=\"stats-desc\"><div id=\"counter_158159965769defbce07bee\" data-id=\"counter_158159965769defbce07bee\" class=\"stats-number\" style=\" color:#ffffff;\" data-speed=\"3\" data-counter-value=\"5\" data-separator=\",\" data-decimal=\".\">0<\/div><div class=\"counter_suffix mycust\" style=\" color:#ffffff\">M$<\/div><div class=\"stats-text\" style=\"color:#ffffff;\">Objectif atteint<\/div><\/div><\/div>[\/vc_column_inner][vc_column_inner width=\u00a0\u00bb1\/4&Prime;]<div class=\"stats-block stats-top   wpb_custom_5eff5d63bc0ab1bddede086b18a9a6ca\"><div class=\"porto-sicon-top\"><div class=\"porto-just-icon-wrapper porto-icon none\" style=\"color:#ffffff;font-size:55px;\"><i class=\"fas fa-users\"><\/i><\/div><\/div><div class=\"stats-desc\"><div id=\"counter_95798039569defbce07cb0\" data-id=\"counter_95798039569defbce07cb0\" class=\"stats-number\" style=\" color:#ffffff;\" data-speed=\"3\" data-counter-value=\"50\" data-separator=\",\" data-decimal=\".\">0<\/div><div class=\"stats-text\" style=\"color:#ffffff;\">Acheteurs<\/div><\/div><\/div>[\/vc_column_inner][vc_column_inner width=\u00a0\u00bb1\/4&Prime;]<div class=\"stats-block stats-top   wpb_custom_5eff5d63bc0ab1bddede086b18a9a6ca\"><div class=\"porto-sicon-top\"><div class=\"porto-just-icon-wrapper porto-icon none\" style=\"color:#ffffff;font-size:55px;\"><i class=\"fas fa-users\"><\/i><\/div><\/div><div class=\"stats-desc\"><div id=\"counter_32553133069defbce07d40\" data-id=\"counter_32553133069defbce07d40\" class=\"stats-number\" style=\" color:#ffffff;\" data-speed=\"3\" data-counter-value=\"110\" data-separator=\",\" data-decimal=\".\">0<\/div><div class=\"stats-text\" style=\"color:#ffffff;\">R\u00e9unions<\/div><\/div><\/div>[\/vc_column_inner][\/vc_row_inner][vc_row_inner css=\u00a0\u00bb.vc_custom_1701604970167{border-top-width: 1px !important;border-top-color: #ffffff !important;border-top-style: solid !important;border-radius: 1px !important;}\u00a0\u00bb][vc_column_inner width=\u00a0\u00bb1\/4&Prime;][vc_empty_space]<div class=\"porto-sicon-box  wpb_custom_646cccd910af259006fda6573f0f0a80 style_1 left-icon\"><div class=\"porto-sicon-left\"><div class=\"porto-just-icon-wrapper porto-icon none\" style=\"color:#ffffff;font-size:32px;\"><i class=\"Simple-Line-Icons-calendar\"><\/i><\/div><\/div><div class=\"porto-sicon-body\"><div class=\"porto-sicon-header\"><h3 class=\"porto-sicon-title\" style=\"color:#ffffff;\">Date<\/h3><p style=\"color:#ffffff;\">2020, F\u00e9vrier<\/p><\/div> <!-- header --><\/div><\/div><!-- porto-sicon-box -->[\/vc_column_inner][vc_column_inner width=\u00a0\u00bb1\/4&Prime;][vc_empty_space]<div class=\"porto-sicon-box  wpb_custom_646cccd910af259006fda6573f0f0a80 style_1 left-icon\"><div class=\"porto-sicon-left\"><div class=\"porto-just-icon-wrapper porto-icon none\" style=\"color:#ffffff;font-size:32px;\"><i class=\"Simple-Line-Icons-location-pin\"><\/i><\/div><\/div><div class=\"porto-sicon-body\"><div class=\"porto-sicon-header\"><h3 class=\"porto-sicon-title\" style=\"color:#ffffff;\">Emplacement<\/h3><p style=\"color:#ffffff;\">Egypte, Le Caire<\/p><\/div> <!-- header --><\/div><\/div><!-- porto-sicon-box -->[\/vc_column_inner][vc_column_inner width=\u00a0\u00bb1\/4&Prime;][vc_empty_space]<div class=\"porto-sicon-box  wpb_custom_646cccd910af259006fda6573f0f0a80 style_1 left-icon\"><div class=\"porto-sicon-left\"><div class=\"porto-just-icon-wrapper porto-icon none\" style=\"color:#ffffff;font-size:32px;\"><i class=\"Simple-Line-Icons-layers\"><\/i><\/div><\/div><div class=\"porto-sicon-body\"><div class=\"porto-sicon-header\"><h3 class=\"porto-sicon-title\" style=\"color:#ffffff;\">Types d'\u00e9v\u00e9nements<\/h3><p style=\"color:#ffffff;\">Sewing,Embroidery, Fabrics and their Accessories - Spinning, Weaving, Dyeing, Textile Printing and Knitting Technologies, Machinery, Accessories and Chemicals<\/p><\/div> <!-- header --><\/div><\/div><!-- porto-sicon-box -->[\/vc_column_inner][vc_column_inner width=\u00a0\u00bb1\/4&Prime;][vc_empty_space]<div class=\"porto-sicon-box  wpb_custom_646cccd910af259006fda6573f0f0a80 style_1 left-icon\"><div class=\"porto-sicon-left\"><div class=\"porto-just-icon-wrapper porto-icon none\" style=\"color:#ffffff;font-size:32px;\"><i class=\"Simple-Line-Icons-event\"><\/i><\/div><\/div><div class=\"porto-sicon-body\"><div class=\"porto-sicon-header\"><h3 class=\"porto-sicon-title\" style=\"color:#ffffff;\">Cat\u00e9gorie d'\u00e9v\u00e9nement<\/h3><p style=\"color:#ffffff;\">Des expositions<\/p><\/div> <!-- header --><\/div><\/div><!-- porto-sicon-box -->[\/vc_column_inner][\/vc_row_inner][\/vc_column][\/vc_row][vc_row][vc_column][vc_row_inner][vc_column_inner width=\u00a0\u00bb1\/4&Prime;][vc_single_image image=\u00a0\u00bb4313&Prime; img_size=\u00a0\u00bbfull\u00a0\u00bb alignment=\u00a0\u00bbcenter\u00a0\u00bb style=\u00a0\u00bbvc_box_rounded\u00a0\u00bb css=\u00a0\u00bb.vc_custom_1704874602707{margin-top: 0px !important;margin-right: 0px !important;margin-bottom: 0px !important;margin-left: 0px !important;padding-top: 1px !important;padding-right: 1px !important;padding-bottom: 1px !important;padding-left: 1px !important;border-radius: 10px !important;}\u00a0\u00bb label=\u00a0\u00bb\u00a0\u00bb][\/vc_column_inner][vc_column_inner width=\u00a0\u00bb1\/4&Prime;][vc_single_image image=\u00a0\u00bb4317&Prime; img_size=\u00a0\u00bbfull\u00a0\u00bb alignment=\u00a0\u00bbcenter\u00a0\u00bb style=\u00a0\u00bbvc_box_rounded\u00a0\u00bb css=\u00a0\u00bb.vc_custom_1704874614560{margin-top: 0px !important;margin-right: 0px !important;margin-bottom: 0px !important;margin-left: 0px !important;padding-top: 1px !important;padding-right: 1px !important;padding-bottom: 1px !important;padding-left: 1px !important;border-radius: 10px !important;}\u00a0\u00bb label=\u00a0\u00bb\u00a0\u00bb][\/vc_column_inner][vc_column_inner width=\u00a0\u00bb1\/4&Prime;][vc_single_image image=\u00a0\u00bb4315&Prime; img_size=\u00a0\u00bbfull\u00a0\u00bb alignment=\u00a0\u00bbcenter\u00a0\u00bb style=\u00a0\u00bbvc_box_rounded\u00a0\u00bb css=\u00a0\u00bb.vc_custom_1704874628144{margin-top: 0px !important;margin-right: 0px !important;margin-bottom: 0px !important;margin-left: 0px !important;padding-top: 1px !important;padding-right: 1px !important;padding-bottom: 1px !important;padding-left: 1px !important;border-radius: 10px !important;}\u00a0\u00bb label=\u00a0\u00bb\u00a0\u00bb][\/vc_column_inner][vc_column_inner width=\u00a0\u00bb1\/4&Prime;][vc_single_image image=\u00a0\u00bb4311&Prime; img_size=\u00a0\u00bbfull\u00a0\u00bb alignment=\u00a0\u00bbcenter\u00a0\u00bb style=\u00a0\u00bbvc_box_rounded\u00a0\u00bb css=\u00a0\u00bb.vc_custom_1704874645936{margin-top: 0px !important;margin-right: 0px !important;margin-bottom: 0px !important;margin-left: 0px !important;padding-top: 1px !important;padding-right: 1px !important;padding-bottom: 1px !important;padding-left: 1px !important;border-radius: 10px !important;}\u00a0\u00bb label=\u00a0\u00bb\u00a0\u00bb][\/vc_column_inner][\/vc_row_inner][vc_empty_space][\/vc_column][\/vc_row]<\/p>\n<\/div>","protected":false},"excerpt":{"rendered":"<p>[vc_row wrap_container=\u00a0\u00bbyes\u00a0\u00bb conditional_render=\u00a0\u00bb%5B%7B%22value_role%22%3A%22administrator%22%7D%5D\u00a0\u00bb css=\u00a0\u00bb.vc_custom_1701603244897{margin-top: 40px !important;}\u00a0\u00bb][vc_column width=\u00a0\u00bb1\/2&Prime; conditional_render=\u00a0\u00bb%5B%7B%22value_role%22%3A%22administrator%22%7D%5D\u00a0\u00bb css=\u00a0\u00bb.vc_custom_1701603264086{margin-bottom: 100px !important;}\u00a0\u00bb][\/vc_column][vc_column width=\u00a0\u00bb1\/2&Prime; conditional_render=\u00a0\u00bb%5B%7B%22value_role%22%3A%22administrator%22%7D%5D\u00a0\u00bb][vc_single_image image=\u00a0\u00bb4313&Prime; img_size=\u00a0\u00bbfull\u00a0\u00bb alignment=\u00a0\u00bbcenter\u00a0\u00bb style=\u00a0\u00bbvc_box_border\u00a0\u00bb css=\u00a0\u00bb.vc_custom_1704874585412{margin-top: 0px !important;margin-right: 0px !important;margin-bottom: 0px !important;margin-left: 0px !important;padding-top: 1px !important;padding-right: 1px !important;padding-bottom: 1px !important;padding-left: 1px !important;border-radius: 10px !important;}\u00a0\u00bb label=\u00a0\u00bb\u00a0\u00bb][vc_empty_space][\/vc_column][\/vc_row][vc_row full_width=\u00a0\u00bbstretch_row\u00a0\u00bb wrap_container=\u00a0\u00bbyes\u00a0\u00bb conditional_render=\u00a0\u00bb%5B%7B%22value_role%22%3A%22administrator%22%7D%5D\u00a0\u00bb css=\u00a0\u00bb.vc_custom_1701602692774{margin-top: 40px !important;margin-bottom: 40px !important;padding-top: 80px !important;padding-bottom: 80px !important;background-image: url(https:\/\/i-b2b.co\/wp-content\/uploads\/2021\/05\/slide-3.jpg?id=659) !important;}\u00a0\u00bb][vc_column][vc_empty_space][vc_custom_heading text=\u00a0\u00bbR\u00e9sultats de la mission\u00a0\u00bb [&hellip;]<\/p>\n","protected":false},"author":2,"featured_media":0,"parent":0,"menu_order":0,"comment_status":"closed","ping_status":"closed","template":"","meta":{"_acf_changed":false,"footnotes":""},"class_list":["post-4309","page","type-page","status-publish","hentry"],"acf":[],"_links":{"self":[{"href":"https:\/\/i-b2b.co\/fr\/wp-json\/wp\/v2\/pages\/4309","targetHints":{"allow":["GET"]}}],"collection":[{"href":"https:\/\/i-b2b.co\/fr\/wp-json\/wp\/v2\/pages"}],"about":[{"href":"https:\/\/i-b2b.co\/fr\/wp-json\/wp\/v2\/types\/page"}],"author":[{"embeddable":true,"href":"https:\/\/i-b2b.co\/fr\/wp-json\/wp\/v2\/users\/2"}],"replies":[{"embeddable":true,"href":"https:\/\/i-b2b.co\/fr\/wp-json\/wp\/v2\/comments?post=4309"}],"version-history":[{"count":3,"href":"https:\/\/i-b2b.co\/fr\/wp-json\/wp\/v2\/pages\/4309\/revisions"}],"predecessor-version":[{"id":5384,"href":"https:\/\/i-b2b.co\/fr\/wp-json\/wp\/v2\/pages\/4309\/revisions\/5384"}],"wp:attachment":[{"href":"https:\/\/i-b2b.co\/fr\/wp-json\/wp\/v2\/media?parent=4309"}],"curies":[{"name":"wp","href":"https:\/\/api.w.org\/{rel}","templated":true}]}}