{"id":4199,"date":"2024-01-09T20:34:29","date_gmt":"2024-01-09T20:34:29","guid":{"rendered":"https:\/\/i-b2b.co\/?page_id=4199"},"modified":"2024-01-20T10:07:44","modified_gmt":"2024-01-20T10:07:44","slug":"stitch-tex-expo-2022-french","status":"publish","type":"page","link":"https:\/\/i-b2b.co\/fr\/stitch-tex-expo-2022-french\/","title":{"rendered":"STITCH TEX EXPO 2022"},"content":{"rendered":"<div class=\"wpb-content-wrapper\"><p>[vc_row wrap_container=\u00a0\u00bbyes\u00a0\u00bb conditional_render=\u00a0\u00bb%5B%7B%22value_role%22%3A%22administrator%22%7D%5D\u00a0\u00bb css=\u00a0\u00bb.vc_custom_1701603244897{margin-top: 40px !important;}\u00a0\u00bb][vc_column width=\u00a0\u00bb1\/2&Prime; conditional_render=\u00a0\u00bb%5B%7B%22value_role%22%3A%22administrator%22%7D%5D\u00a0\u00bb css=\u00a0\u00bb.vc_custom_1701603264086{margin-bottom: 100px !important;}\u00a0\u00bb]<div class=\"porto-sicon-box  wpb_custom_1efe903570d178ff0a9b7bfa5febd3a4 style_1 default-icon flex-wrap\"><div class=\"porto-sicon-header\"><h2 class=\"porto-sicon-title\" style=\"\">\u00c0 propos de la mission<\/h2><\/div> <!-- header --><div class=\"porto-sicon-description\" style=\"\">\n<div class=\"porto-sicon-header\">\n<p class=\"porto-sicon-title\">La soci\u00e9t\u00e9 a pass\u00e9 un contrat avec la soci\u00e9t\u00e9 Vision Fairs pour organiser des r\u00e9unions bilat\u00e9rales pour les entreprises \u00e9gyptiennes participant \u00e0 l&rsquo;exposition. et les soci\u00e9t\u00e9s importatrices africaines charg\u00e9es d&rsquo;importer des technologies d&rsquo;impression de machines pour textiles et v\u00eatements, des innovations en mati\u00e8re de fils et de tissus et leurs accessoires), elle s&rsquo;est tenue du 20 octobre 2022 au 23 octobre 2022, au Centre international de conf\u00e9rences du Caire (CICC). Cette exposition sera compos\u00e9 des plus grandes entreprises mondiales (exportateurs). Cet \u00e9v\u00e9nement offre aux entreprises africaines des opportunit\u00e9s uniques de rencontrer leurs homologues et d&rsquo;explorer davantage d&rsquo;opportunit\u00e9s concernant les produits. Les expositions comprendront de nombreuses r\u00e9unions d&rsquo;affaires bilat\u00e9rales entre exportateurs du monde entier et importateurs africains qui renforceront les relations \u00e9conomiques entre eux.<\/p>\n<\/div>\n<p><\/div> <!-- description --><\/div><!-- porto-sicon-box -->[\/vc_column][vc_column width=\u00a0\u00bb1\/2&Prime; conditional_render=\u00a0\u00bb%5B%7B%22value_role%22%3A%22administrator%22%7D%5D\u00a0\u00bb][vc_single_image image=\u00a0\u00bb5581&Prime; img_size=\u00a0\u00bbfull\u00a0\u00bb alignment=\u00a0\u00bbcenter\u00a0\u00bb style=\u00a0\u00bbvc_box_border\u00a0\u00bb css=\u00a0\u00bb.vc_custom_1705745173633{margin-top: 0px !important;margin-right: 0px !important;margin-bottom: 0px !important;margin-left: 0px !important;padding-top: 1px !important;padding-right: 1px !important;padding-bottom: 1px !important;padding-left: 1px !important;border-radius: 10px !important;}\u00a0\u00bb label=\u00a0\u00bb\u00a0\u00bb][vc_empty_space][\/vc_column][\/vc_row][vc_row full_width=\u00a0\u00bbstretch_row\u00a0\u00bb wrap_container=\u00a0\u00bbyes\u00a0\u00bb conditional_render=\u00a0\u00bb%5B%7B%22value_role%22%3A%22administrator%22%7D%5D\u00a0\u00bb css=\u00a0\u00bb.vc_custom_1701602692774{margin-top: 40px !important;margin-bottom: 40px !important;padding-top: 80px !important;padding-bottom: 80px !important;background-image: url(https:\/\/i-b2b.co\/wp-content\/uploads\/2021\/05\/slide-3.jpg?id=659) !important;}\u00a0\u00bb][vc_column][vc_empty_space][vc_custom_heading text=\u00a0\u00bbR\u00e9sultats de la mission\u00a0\u00bb font_container=\u00a0\u00bbtag:h3|font_size:2.7rem|text_align:left|color:%23ffffff|line_height:1.1em\u00a0\u00bb use_theme_fonts=\u00a0\u00bbyes\u00a0\u00bb font_weight=\u00a0\u00bb600&Prime; letter_spacing=\u00a0\u00bb-2.16px\u00a0\u00bb css=\u00a0\u00bb.vc_custom_1702569638422{margin-bottom: 2.6875rem !important;}\u00a0\u00bb][vc_empty_space][\/vc_column][vc_column][vc_row_inner][vc_column_inner width=\u00a0\u00bb1\/4&Prime;]<div class=\"stats-block stats-top   wpb_custom_5eff5d63bc0ab1bddede086b18a9a6ca\"><div class=\"porto-sicon-top\"><div class=\"porto-just-icon-wrapper porto-icon none\" style=\"color:#ffffff;font-size:55px;\"><i class=\"fas fa-users\"><\/i><\/div><\/div><div class=\"stats-desc\"><div id=\"counter_52927364269defab2e5755\" data-id=\"counter_52927364269defab2e5755\" class=\"stats-number\" style=\" color:#ffffff;\" data-speed=\"5\" data-counter-value=\"120\" data-separator=\",\" data-decimal=\".\">0<\/div><div class=\"stats-text\" style=\"color:#ffffff;\">Exposantes<\/div><\/div><\/div>[\/vc_column_inner][vc_column_inner width=\u00a0\u00bb1\/4&Prime;]<div class=\"stats-block stats-top   wpb_custom_5eff5d63bc0ab1bddede086b18a9a6ca\"><div class=\"porto-sicon-top\"><div class=\"porto-just-icon-wrapper porto-icon none\" style=\"color:#ffffff;font-size:55px;\"><i class=\"fas fa-dollar-sign\"><\/i><\/div><\/div><div class=\"stats-desc\"><div id=\"counter_93213619369defab2e57d4\" data-id=\"counter_93213619369defab2e57d4\" class=\"stats-number\" style=\" color:#ffffff;\" data-speed=\"3\" data-counter-value=\"6\" data-separator=\",\" data-decimal=\".\">0<\/div><div class=\"counter_suffix mycust\" style=\" color:#ffffff\">M$<\/div><div class=\"stats-text\" style=\"color:#ffffff;\">Objectif atteint<\/div><\/div><\/div>[\/vc_column_inner][vc_column_inner width=\u00a0\u00bb1\/4&Prime;]<div class=\"stats-block stats-top   wpb_custom_5eff5d63bc0ab1bddede086b18a9a6ca\"><div class=\"porto-sicon-top\"><div class=\"porto-just-icon-wrapper porto-icon none\" style=\"color:#ffffff;font-size:55px;\"><i class=\"fas fa-users\"><\/i><\/div><\/div><div class=\"stats-desc\"><div id=\"counter_174729521869defab2e585d\" data-id=\"counter_174729521869defab2e585d\" class=\"stats-number\" style=\" color:#ffffff;\" data-speed=\"3\" data-counter-value=\"60\" data-separator=\",\" data-decimal=\".\">0<\/div><div class=\"stats-text\" style=\"color:#ffffff;\">Acheteurs<\/div><\/div><\/div>[\/vc_column_inner][vc_column_inner width=\u00a0\u00bb1\/4&Prime;]<div class=\"stats-block stats-top   wpb_custom_5eff5d63bc0ab1bddede086b18a9a6ca\"><div class=\"porto-sicon-top\"><div class=\"porto-just-icon-wrapper porto-icon none\" style=\"color:#ffffff;font-size:55px;\"><i class=\"fas fa-users\"><\/i><\/div><\/div><div class=\"stats-desc\"><div id=\"counter_171937650569defab2e58bf\" data-id=\"counter_171937650569defab2e58bf\" class=\"stats-number\" style=\" color:#ffffff;\" data-speed=\"3\" data-counter-value=\"135\" data-separator=\",\" data-decimal=\".\">0<\/div><div class=\"stats-text\" style=\"color:#ffffff;\">R\u00e9unions<\/div><\/div><\/div>[\/vc_column_inner][\/vc_row_inner][vc_row_inner css=\u00a0\u00bb.vc_custom_1701604970167{border-top-width: 1px !important;border-top-color: #ffffff !important;border-top-style: solid !important;border-radius: 1px !important;}\u00a0\u00bb][vc_column_inner width=\u00a0\u00bb1\/4&Prime;][vc_empty_space]<div class=\"porto-sicon-box  wpb_custom_646cccd910af259006fda6573f0f0a80 style_1 left-icon\"><div class=\"porto-sicon-left\"><div class=\"porto-just-icon-wrapper porto-icon none\" style=\"color:#ffffff;font-size:32px;\"><i class=\"Simple-Line-Icons-calendar\"><\/i><\/div><\/div><div class=\"porto-sicon-body\"><div class=\"porto-sicon-header\"><h3 class=\"porto-sicon-title\" style=\"color:#ffffff;\">Date<\/h3><p style=\"color:#ffffff;\">2023, Octobre<\/p><\/div> <!-- header --><\/div><\/div><!-- porto-sicon-box -->[\/vc_column_inner][vc_column_inner width=\u00a0\u00bb1\/4&Prime;][vc_empty_space]<div class=\"porto-sicon-box  wpb_custom_646cccd910af259006fda6573f0f0a80 style_1 left-icon\"><div class=\"porto-sicon-left\"><div class=\"porto-just-icon-wrapper porto-icon none\" style=\"color:#ffffff;font-size:32px;\"><i class=\"Simple-Line-Icons-location-pin\"><\/i><\/div><\/div><div class=\"porto-sicon-body\"><div class=\"porto-sicon-header\"><h3 class=\"porto-sicon-title\" style=\"color:#ffffff;\">Emplacement<\/h3><p style=\"color:#ffffff;\">Egypte, Le Caire<\/p><\/div> <!-- header --><\/div><\/div><!-- porto-sicon-box -->[\/vc_column_inner][vc_column_inner width=\u00a0\u00bb1\/4&Prime;][vc_empty_space]<div class=\"porto-sicon-box  wpb_custom_646cccd910af259006fda6573f0f0a80 style_1 left-icon\"><div class=\"porto-sicon-left\"><div class=\"porto-just-icon-wrapper porto-icon none\" style=\"color:#ffffff;font-size:32px;\"><i class=\"Simple-Line-Icons-layers\"><\/i><\/div><\/div><div class=\"porto-sicon-body\"><div class=\"porto-sicon-header\"><h3 class=\"porto-sicon-title\" style=\"color:#ffffff;\">Types d'\u00e9v\u00e9nements<\/h3><p style=\"color:#ffffff;\">Machines pour textiles et v\u00eatements Technologie d'impression, innovations en mati\u00e8re de fils et de tissus et leurs accessoires<\/p><\/div> <!-- header --><\/div><\/div><!-- porto-sicon-box -->[\/vc_column_inner][vc_column_inner width=\u00a0\u00bb1\/4&Prime;][vc_empty_space]<div class=\"porto-sicon-box  wpb_custom_646cccd910af259006fda6573f0f0a80 style_1 left-icon\"><div class=\"porto-sicon-left\"><div class=\"porto-just-icon-wrapper porto-icon none\" style=\"color:#ffffff;font-size:32px;\"><i class=\"Simple-Line-Icons-event\"><\/i><\/div><\/div><div class=\"porto-sicon-body\"><div class=\"porto-sicon-header\"><h3 class=\"porto-sicon-title\" style=\"color:#ffffff;\">Cat\u00e9gorie d'\u00e9v\u00e9nement<\/h3><p style=\"color:#ffffff;\">Des expositions<\/p><\/div> <!-- header --><\/div><\/div><!-- porto-sicon-box -->[\/vc_column_inner][\/vc_row_inner][\/vc_column][\/vc_row][vc_row][vc_column][vc_row_inner][vc_column_inner width=\u00a0\u00bb1\/4&Prime;][vc_single_image image=\u00a0\u00bb5581&Prime; img_size=\u00a0\u00bbfull\u00a0\u00bb alignment=\u00a0\u00bbcenter\u00a0\u00bb style=\u00a0\u00bbvc_box_rounded\u00a0\u00bb css=\u00a0\u00bb.vc_custom_1705745158150{margin-top: 0px !important;margin-right: 0px !important;margin-bottom: 0px !important;margin-left: 0px !important;padding-top: 1px !important;padding-right: 1px !important;padding-bottom: 1px !important;padding-left: 1px !important;border-radius: 10px !important;}\u00a0\u00bb label=\u00a0\u00bb\u00a0\u00bb][\/vc_column_inner][vc_column_inner width=\u00a0\u00bb1\/4&Prime;][vc_single_image image=\u00a0\u00bb4203&Prime; img_size=\u00a0\u00bbfull\u00a0\u00bb alignment=\u00a0\u00bbcenter\u00a0\u00bb style=\u00a0\u00bbvc_box_rounded\u00a0\u00bb css=\u00a0\u00bb.vc_custom_1704868260426{margin-top: 0px !important;margin-right: 0px !important;margin-bottom: 0px !important;margin-left: 0px !important;padding-top: 1px !important;padding-right: 1px !important;padding-bottom: 1px !important;padding-left: 1px !important;border-radius: 10px !important;}\u00a0\u00bb][\/vc_column_inner][vc_column_inner width=\u00a0\u00bb1\/4&Prime;][vc_single_image image=\u00a0\u00bb4205&Prime; img_size=\u00a0\u00bbfull\u00a0\u00bb alignment=\u00a0\u00bbcenter\u00a0\u00bb style=\u00a0\u00bbvc_box_rounded\u00a0\u00bb css=\u00a0\u00bb.vc_custom_1704868273762{margin-top: 0px !important;margin-right: 0px !important;margin-bottom: 0px !important;margin-left: 0px !important;padding-top: 1px !important;padding-right: 1px !important;padding-bottom: 1px !important;padding-left: 1px !important;border-radius: 10px !important;}\u00a0\u00bb][\/vc_column_inner][vc_column_inner width=\u00a0\u00bb1\/4&Prime;][vc_single_image image=\u00a0\u00bb5583&Prime; img_size=\u00a0\u00bbfull\u00a0\u00bb alignment=\u00a0\u00bbcenter\u00a0\u00bb style=\u00a0\u00bbvc_box_rounded\u00a0\u00bb css=\u00a0\u00bb.vc_custom_1705745145307{margin-top: 0px !important;margin-right: 0px !important;margin-bottom: 0px !important;margin-left: 0px !important;padding-top: 1px !important;padding-right: 1px !important;padding-bottom: 1px !important;padding-left: 1px !important;border-radius: 10px !important;}\u00a0\u00bb label=\u00a0\u00bb\u00a0\u00bb][\/vc_column_inner][\/vc_row_inner][vc_empty_space][\/vc_column][\/vc_row]<\/p>\n<\/div>","protected":false},"excerpt":{"rendered":"<p>[vc_row wrap_container=\u00a0\u00bbyes\u00a0\u00bb conditional_render=\u00a0\u00bb%5B%7B%22value_role%22%3A%22administrator%22%7D%5D\u00a0\u00bb css=\u00a0\u00bb.vc_custom_1701603244897{margin-top: 40px !important;}\u00a0\u00bb][vc_column width=\u00a0\u00bb1\/2&Prime; conditional_render=\u00a0\u00bb%5B%7B%22value_role%22%3A%22administrator%22%7D%5D\u00a0\u00bb css=\u00a0\u00bb.vc_custom_1701603264086{margin-bottom: 100px !important;}\u00a0\u00bb][\/vc_column][vc_column width=\u00a0\u00bb1\/2&Prime; conditional_render=\u00a0\u00bb%5B%7B%22value_role%22%3A%22administrator%22%7D%5D\u00a0\u00bb][vc_single_image image=\u00a0\u00bb5581&Prime; img_size=\u00a0\u00bbfull\u00a0\u00bb alignment=\u00a0\u00bbcenter\u00a0\u00bb style=\u00a0\u00bbvc_box_border\u00a0\u00bb css=\u00a0\u00bb.vc_custom_1705745173633{margin-top: 0px !important;margin-right: 0px !important;margin-bottom: 0px !important;margin-left: 0px !important;padding-top: 1px !important;padding-right: 1px !important;padding-bottom: 1px !important;padding-left: 1px !important;border-radius: 10px !important;}\u00a0\u00bb label=\u00a0\u00bb\u00a0\u00bb][vc_empty_space][\/vc_column][\/vc_row][vc_row full_width=\u00a0\u00bbstretch_row\u00a0\u00bb wrap_container=\u00a0\u00bbyes\u00a0\u00bb conditional_render=\u00a0\u00bb%5B%7B%22value_role%22%3A%22administrator%22%7D%5D\u00a0\u00bb css=\u00a0\u00bb.vc_custom_1701602692774{margin-top: 40px !important;margin-bottom: 40px !important;padding-top: 80px !important;padding-bottom: 80px !important;background-image: url(https:\/\/i-b2b.co\/wp-content\/uploads\/2021\/05\/slide-3.jpg?id=659) !important;}\u00a0\u00bb][vc_column][vc_empty_space][vc_custom_heading text=\u00a0\u00bbR\u00e9sultats de la mission\u00a0\u00bb [&hellip;]<\/p>\n","protected":false},"author":2,"featured_media":0,"parent":0,"menu_order":0,"comment_status":"closed","ping_status":"closed","template":"","meta":{"_acf_changed":false,"footnotes":""},"class_list":["post-4199","page","type-page","status-publish","hentry"],"acf":[],"_links":{"self":[{"href":"https:\/\/i-b2b.co\/fr\/wp-json\/wp\/v2\/pages\/4199","targetHints":{"allow":["GET"]}}],"collection":[{"href":"https:\/\/i-b2b.co\/fr\/wp-json\/wp\/v2\/pages"}],"about":[{"href":"https:\/\/i-b2b.co\/fr\/wp-json\/wp\/v2\/types\/page"}],"author":[{"embeddable":true,"href":"https:\/\/i-b2b.co\/fr\/wp-json\/wp\/v2\/users\/2"}],"replies":[{"embeddable":true,"href":"https:\/\/i-b2b.co\/fr\/wp-json\/wp\/v2\/comments?post=4199"}],"version-history":[{"count":4,"href":"https:\/\/i-b2b.co\/fr\/wp-json\/wp\/v2\/pages\/4199\/revisions"}],"predecessor-version":[{"id":5585,"href":"https:\/\/i-b2b.co\/fr\/wp-json\/wp\/v2\/pages\/4199\/revisions\/5585"}],"wp:attachment":[{"href":"https:\/\/i-b2b.co\/fr\/wp-json\/wp\/v2\/media?parent=4199"}],"curies":[{"name":"wp","href":"https:\/\/api.w.org\/{rel}","templated":true}]}}