{"id":1955,"date":"2023-11-12T12:30:10","date_gmt":"2023-11-12T12:30:10","guid":{"rendered":"https:\/\/i-b2b.co\/services\/"},"modified":"2024-01-23T13:46:02","modified_gmt":"2024-01-23T13:46:02","slug":"services","status":"publish","type":"page","link":"https:\/\/i-b2b.co\/fr\/services\/","title":{"rendered":"Prestations de service"},"content":{"rendered":"<div class=\"wpb-content-wrapper\"><p>[vc_row full_width=\u00a0\u00bbstretch_row_content_no_spaces\u00a0\u00bb conditional_render=\u00a0\u00bb%5B%7B%22value_role%22%3A%22administrator%22%7D%5D\u00a0\u00bb][vc_column][vc_row_inner][vc_column_inner]<div class=\"sticky-nav-wrapper\"><div class=\"porto-sticky-nav nav-secondary  wpb_custom_89d1129036c32b71e12a9f638b1bfbc2\" data-plugin-options=\"{&quot;minWidth&quot;:991}\"><div class=\"container\"><ul class=\"nav nav-pills\"><li class=\" sticky-nav-title wpb_custom_f467188542ec4ac4954ace07e597ebd6\"><a href=\"#Prestations-d-exportation\">Prestations d exportation<\/a><\/li><li class=\" sticky-nav-title wpb_custom_f467188542ec4ac4954ace07e597ebd6\"><a href=\"#Services-de-mise-en-relation\">Services de mise en relation<\/a><\/li><li class=\" sticky-nav-title wpb_custom_f467188542ec4ac4954ace07e597ebd6\"><a href=\"#Conseillers-a-l-exportation\">Conseillers \u00e0 l'exportation<\/a><\/li><li class=\" sticky-nav-title wpb_custom_f467188542ec4ac4954ace07e597ebd6\"><a href=\"#Missions-commerciales\">Missions commerciales<\/a><\/li><li class=\" sticky-nav-title wpb_custom_f467188542ec4ac4954ace07e597ebd6\"><a href=\"#Des-expositions\">Des Expositions<\/a><\/li><\/ul><\/div><\/div><\/div>[\/vc_column_inner][\/vc_row_inner][\/vc_column][\/vc_row][vc_row wrap_container=\u00a0\u00bbyes\u00a0\u00bb content_placement=\u00a0\u00bbmiddle\u00a0\u00bb text_align=\u00a0\u00bbjustify\u00a0\u00bb conditional_render=\u00a0\u00bb%5B%7B%22value_role%22%3A%22administrator%22%7D%5D\u00a0\u00bb el_class=\u00a0\u00bbcustom-with-svg\u00a0\u00bb css=\u00a0\u00bb.vc_custom_1705592246375{margin-top: 3.8125rem !important;}\u00a0\u00bb el_id=\u00a0\u00bbPrestations-d-exportation\u00a0\u00bb][vc_column][vc_row_inner][vc_column_inner width=\u00a0\u00bb1\/2&Prime;][vc_single_image image=\u00a0\u00bb4334&Prime; img_size=\u00a0\u00bbfull\u00a0\u00bb][\/vc_column_inner][vc_column_inner width=\u00a0\u00bb1\/2&Prime;][vc_custom_heading text=\u00a0\u00bbPrestations d&rsquo;exportation\u00a0\u00bb font_container=\u00a0\u00bbtag:h2|font_size:2.7rem|text_align:left|line_height:1.1em\u00a0\u00bb use_theme_fonts=\u00a0\u00bbyes\u00a0\u00bb font_weight=\u00a0\u00bb600&Prime; letter_spacing=\u00a0\u00bb-2.16px\u00a0\u00bb el_class=\u00a0\u00bbtext-lg-start\u00a0\u00bb css=\u00a0\u00bb.vc_custom_1705636322049{margin-bottom: 20px !important;}\u00a0\u00bb][vc_custom_heading text=\u00a0\u00bbDans le cadre de sa gamme compl\u00e8te de services, B2B Matchmaking propose des services d&rsquo;exportation destin\u00e9s aux entreprises cherchant \u00e0 \u00e9tendre leurs op\u00e9rations \u00e0 l&rsquo;\u00e9chelle mondiale. Tirant parti de son vaste r\u00e9seau et de son expertise en mati\u00e8re de commerce international, B2B Matchmaking fournit des solutions de bout en bout pour l&rsquo;exportation de biens et de services. Leurs services d&rsquo;exportation englobent divers aspects, notamment la gestion logistique, l&rsquo;assistance documentaire, la conformit\u00e9 douani\u00e8re et les modalit\u00e9s de transport. En faisant appel \u00e0 ces services, les entreprises peuvent garantir des processus d&rsquo;exportation fluides et efficaces, leur permettant de p\u00e9n\u00e9trer de nouveaux march\u00e9s et de capitaliser sur les opportunit\u00e9s internationales.\u00a0\u00bb font_container=\u00a0\u00bbtag:p|font_size:18px|text_align:left|line_height:1.6em\u00a0\u00bb use_theme_fonts=\u00a0\u00bbyes\u00a0\u00bb el_class=\u00a0\u00bbtext-lg-start\u00a0\u00bb css=\u00a0\u00bb.vc_custom_1705636332608{margin-bottom: 28px !important;}\u00a0\u00bb][vc_btn title=\u00a0\u00bbContactez-nous\u00a0\u00bb style=\u00a0\u00bbmodern\u00a0\u00bb color=\u00a0\u00bbdanger\u00a0\u00bb size=\u00a0\u00bbxl\u00a0\u00bb el_class=\u00a0\u00bbbtn-gradient custom-btn-effect-1 custom-btn-1 text-center text-md-start\u00a0\u00bb link=\u00a0\u00bburl:https%3A%2F%2Fi-b2b.co%2Ffr%2Fcontact-us%2F|title:Contactez\u00a0\u00bb][\/vc_column_inner][\/vc_row_inner][\/vc_column][\/vc_row][vc_row wrap_container=\u00a0\u00bbyes\u00a0\u00bb conditional_render=\u00a0\u00bb%5B%7B%22value_role%22%3A%22administrator%22%7D%5D\u00a0\u00bb][vc_column conditional_render=\u00a0\u00bb%5B%7B%22value_role%22%3A%22administrator%22%7D%5D\u00a0\u00bb el_class=\u00a0\u00bbmx-auto\u00a0\u00bb][vc_separator color=\u00a0\u00bbcustom\u00a0\u00bb style=\u00a0\u00bbsolid\u00a0\u00bb accent_color=\u00a0\u00bbrgba(0,0,0,0.06)\u00a0\u00bb css=\u00a0\u00bb.vc_custom_1662538941624{margin-top: 15px !important;margin-bottom: 15px !important;}\u00a0\u00bb][\/vc_column][\/vc_row][vc_row wrap_container=\u00a0\u00bbyes\u00a0\u00bb content_placement=\u00a0\u00bbmiddle\u00a0\u00bb text_align=\u00a0\u00bbjustify\u00a0\u00bb conditional_render=\u00a0\u00bb%5B%7B%22value_role%22%3A%22administrator%22%7D%5D\u00a0\u00bb el_class=\u00a0\u00bbcustom-with-svg\u00a0\u00bb css=\u00a0\u00bb.vc_custom_1702557515535{margin-top: 5.1875rem !important;}\u00a0\u00bb el_id=\u00a0\u00bbServices-de-mise-en-relation\u00a0\u00bb][vc_column][vc_row_inner el_class=\u00a0\u00bbswap-on-mobile\u00a0\u00bb][vc_column_inner width=\u00a0\u00bb1\/2&Prime;][vc_custom_heading text=\u00a0\u00bbServices de mise en relation\u00a0\u00bb font_container=\u00a0\u00bbtag:h2|font_size:2.7rem|text_align:left|line_height:1.1em\u00a0\u00bb use_theme_fonts=\u00a0\u00bbyes\u00a0\u00bb font_weight=\u00a0\u00bb600&Prime; letter_spacing=\u00a0\u00bb-2.16px\u00a0\u00bb el_class=\u00a0\u00bbtext-lg-start\u00a0\u00bb css=\u00a0\u00bb.vc_custom_1705636361560{margin-bottom: 20px !important;}\u00a0\u00bb][vc_custom_heading text=\u00a0\u00bbB2B Matchmaking est sp\u00e9cialis\u00e9 dans la mise en relation d\u2019entreprises gr\u00e2ce \u00e0 ses services avanc\u00e9s de mise en relation. Gr\u00e2ce \u00e0 une compr\u00e9hension approfondie de l\u2019importance des partenariats strat\u00e9giques, le Matchmaking B2B facilite les collaborations entre entreprises ayant des offres compl\u00e9mentaires ou des objectifs partag\u00e9s. Gr\u00e2ce \u00e0 leur vaste base de donn\u00e9es et \u00e0 leur approche personnalis\u00e9e, ils identifient les partenaires potentiels, lancent les pr\u00e9sentations et facilitent les n\u00e9gociations. En tirant parti de leurs services de mise en relation, les entreprises peuvent forger des alliances pr\u00e9cieuses, explorer des coentreprises et \u00e9tendre leur port\u00e9e commerciale gr\u00e2ce \u00e0 des partenariats mutuellement b\u00e9n\u00e9fiques.\u00a0\u00bb font_container=\u00a0\u00bbtag:p|font_size:18px|text_align:left|line_height:1.6em\u00a0\u00bb use_theme_fonts=\u00a0\u00bbyes\u00a0\u00bb el_class=\u00a0\u00bbtext-lg-start\u00a0\u00bb css=\u00a0\u00bb.vc_custom_1705636368647{margin-bottom: 28px !important;}\u00a0\u00bb][vc_btn title=\u00a0\u00bbContactez-nous\u00a0\u00bb style=\u00a0\u00bbmodern\u00a0\u00bb color=\u00a0\u00bbdanger\u00a0\u00bb size=\u00a0\u00bbxl\u00a0\u00bb el_class=\u00a0\u00bbbtn-gradient custom-btn-effect-1 custom-btn-1 text-center text-md-start\u00a0\u00bb link=\u00a0\u00bburl:https%3A%2F%2Fi-b2b.co%2Ffr%2Fcontact-us%2F|title:Contactez\u00a0\u00bb][\/vc_column_inner][vc_column_inner width=\u00a0\u00bb1\/2&Prime;][vc_single_image image=\u00a0\u00bb4342&Prime; img_size=\u00a0\u00bbfull\u00a0\u00bb][\/vc_column_inner][\/vc_row_inner][\/vc_column][\/vc_row][vc_row wrap_container=\u00a0\u00bbyes\u00a0\u00bb conditional_render=\u00a0\u00bb%5B%7B%22value_role%22%3A%22administrator%22%7D%5D\u00a0\u00bb][vc_column conditional_render=\u00a0\u00bb%5B%7B%22value_role%22%3A%22administrator%22%7D%5D\u00a0\u00bb el_class=\u00a0\u00bbmx-auto\u00a0\u00bb][vc_separator color=\u00a0\u00bbcustom\u00a0\u00bb style=\u00a0\u00bbsolid\u00a0\u00bb accent_color=\u00a0\u00bbrgba(0,0,0,0.06)\u00a0\u00bb css=\u00a0\u00bb.vc_custom_1662538941624{margin-top: 15px !important;margin-bottom: 15px !important;}\u00a0\u00bb][\/vc_column][\/vc_row][vc_row wrap_container=\u00a0\u00bbyes\u00a0\u00bb content_placement=\u00a0\u00bbmiddle\u00a0\u00bb text_align=\u00a0\u00bbjustify\u00a0\u00bb conditional_render=\u00a0\u00bb%5B%7B%22value_role%22%3A%22administrator%22%7D%5D\u00a0\u00bb el_class=\u00a0\u00bbcustom-with-svg\u00a0\u00bb css=\u00a0\u00bb.vc_custom_1705592389815{margin-top: 5.25rem !important;}\u00a0\u00bb el_id=\u00a0\u00bbConseillers-a-l-exportation\u00a0\u00bb][vc_column][vc_row_inner][vc_column_inner width=\u00a0\u00bb1\/2&Prime;][vc_single_image image=\u00a0\u00bb4336&Prime; img_size=\u00a0\u00bbfull\u00a0\u00bb][\/vc_column_inner][vc_column_inner width=\u00a0\u00bb1\/2&Prime;][vc_custom_heading text=\u00a0\u00bbConseillers \u00e0 l&rsquo;exportation\u00a0\u00bb font_container=\u00a0\u00bbtag:h2|font_size:2.7rem|text_align:left|line_height:1.1em\u00a0\u00bb use_theme_fonts=\u00a0\u00bbyes\u00a0\u00bb font_weight=\u00a0\u00bb600&Prime; letter_spacing=\u00a0\u00bb-2.16px\u00a0\u00bb el_class=\u00a0\u00bbtext-lg-start\u00a0\u00bb css=\u00a0\u00bb.vc_custom_1705636398504{margin-bottom: 20px !important;}\u00a0\u00bb][vc_custom_heading text=\u00a0\u00bbB2B Matchmaking dispose d\u2019une \u00e9quipe de consultants en exportation exp\u00e9riment\u00e9s qui fournissent des conseils d\u2019experts aux entreprises confront\u00e9es aux complexit\u00e9s du commerce mondial. Ces consultants poss\u00e8dent une connaissance approfondie des march\u00e9s internationaux, des r\u00e9glementations commerciales et des tendances du secteur. En faisant appel aux consultants en exportation de B2B Matchmaking, les entreprises ont acc\u00e8s \u00e0 des strat\u00e9gies d&rsquo;exportation sur mesure, \u00e0 des \u00e9tudes de march\u00e9 et \u00e0 une planification compl\u00e8te des exportations. Les consultants offrent des informations pr\u00e9cieuses sur les march\u00e9s cibles, aident aux strat\u00e9gies d&rsquo;entr\u00e9e sur le march\u00e9 et fournissent un soutien en mati\u00e8re de conformit\u00e9 r\u00e9glementaire. Gr\u00e2ce \u00e0 leur expertise, les entreprises peuvent minimiser les risques, optimiser leurs op\u00e9rations d&rsquo;exportation et maximiser leur avantage concurrentiel sur les march\u00e9s internationaux.\u00a0\u00bb font_container=\u00a0\u00bbtag:p|font_size:18px|text_align:left|line_height:1.6em\u00a0\u00bb use_theme_fonts=\u00a0\u00bbyes\u00a0\u00bb el_class=\u00a0\u00bbtext-lg-start\u00a0\u00bb css=\u00a0\u00bb.vc_custom_1705636392833{margin-bottom: 28px !important;}\u00a0\u00bb][vc_btn title=\u00a0\u00bbContactez-nous\u00a0\u00bb style=\u00a0\u00bbmodern\u00a0\u00bb color=\u00a0\u00bbdanger\u00a0\u00bb size=\u00a0\u00bbxl\u00a0\u00bb el_class=\u00a0\u00bbbtn-gradient custom-btn-effect-1 custom-btn-1 text-center text-md-start\u00a0\u00bb link=\u00a0\u00bburl:https%3A%2F%2Fi-b2b.co%2Ffr%2Fcontact-us%2F|title:Contactez\u00a0\u00bb][\/vc_column_inner][\/vc_row_inner][\/vc_column][\/vc_row][vc_row wrap_container=\u00a0\u00bbyes\u00a0\u00bb conditional_render=\u00a0\u00bb%5B%7B%22value_role%22%3A%22administrator%22%7D%5D\u00a0\u00bb][vc_column conditional_render=\u00a0\u00bb%5B%7B%22value_role%22%3A%22administrator%22%7D%5D\u00a0\u00bb el_class=\u00a0\u00bbmx-auto\u00a0\u00bb][vc_separator color=\u00a0\u00bbcustom\u00a0\u00bb style=\u00a0\u00bbsolid\u00a0\u00bb accent_color=\u00a0\u00bbrgba(0,0,0,0.06)\u00a0\u00bb css=\u00a0\u00bb.vc_custom_1662538941624{margin-top: 15px !important;margin-bottom: 15px !important;}\u00a0\u00bb][\/vc_column][\/vc_row][vc_row wrap_container=\u00a0\u00bbyes\u00a0\u00bb content_placement=\u00a0\u00bbmiddle\u00a0\u00bb text_align=\u00a0\u00bbjustify\u00a0\u00bb conditional_render=\u00a0\u00bb%5B%7B%22value_role%22%3A%22administrator%22%7D%5D\u00a0\u00bb el_class=\u00a0\u00bbcustom-with-svg\u00a0\u00bb css=\u00a0\u00bb.vc_custom_1702557761797{margin-top: 5.1875rem !important;}\u00a0\u00bb el_id=\u00a0\u00bbMissions-commerciales\u00a0\u00bb][vc_column][vc_row_inner el_class=\u00a0\u00bbswap-on-mobile\u00a0\u00bb][vc_column_inner width=\u00a0\u00bb1\/2&Prime;][vc_custom_heading text=\u00a0\u00bbMissions commerciales\u00a0\u00bb font_container=\u00a0\u00bbtag:h2|font_size:2.7rem|text_align:left|line_height:1.1em\u00a0\u00bb use_theme_fonts=\u00a0\u00bbyes\u00a0\u00bb font_weight=\u00a0\u00bb600&Prime; letter_spacing=\u00a0\u00bb-2.16px\u00a0\u00bb el_class=\u00a0\u00bbtext-lg-start\u00a0\u00bb css=\u00a0\u00bb.vc_custom_1705636417520{margin-bottom: 20px !important;}\u00a0\u00bb][vc_custom_heading text=\u00a0\u00bbPour faciliter davantage la croissance des entreprises et l\u2019expansion du march\u00e9, B2B Matchmaking organise des missions commerciales sur les principaux march\u00e9s internationaux. Ces missions commerciales offrent aux entreprises participantes des occasions uniques d&rsquo;explorer de nouveaux march\u00e9s, d&rsquo;\u00e9tablir des liens et de pr\u00e9senter leurs produits et services. B2B Matchmaking coordonne tous les aspects des missions commerciales, y compris la planification d&rsquo;itin\u00e9raires, les \u00e9v\u00e9nements de jumelage d&rsquo;affaires et les activit\u00e9s de r\u00e9seautage. En participant \u00e0 des missions commerciales men\u00e9es par B2B Matchmaking, les entreprises peuvent obtenir des informations directes sur le march\u00e9, participer \u00e0 des r\u00e9unions de haut niveau avec des partenaires ou des clients potentiels et forger des alliances strat\u00e9giques qui stimulent la croissance de leur entreprise dans de nouveaux territoires.\u00a0\u00bb font_container=\u00a0\u00bbtag:p|font_size:18px|text_align:left|line_height:1.6em\u00a0\u00bb use_theme_fonts=\u00a0\u00bbyes\u00a0\u00bb el_class=\u00a0\u00bbtext-lg-start\u00a0\u00bb css=\u00a0\u00bb.vc_custom_1705636425856{margin-bottom: 28px !important;}\u00a0\u00bb][vc_btn title=\u00a0\u00bbContactez-nous\u00a0\u00bb style=\u00a0\u00bbmodern\u00a0\u00bb color=\u00a0\u00bbdanger\u00a0\u00bb size=\u00a0\u00bbxl\u00a0\u00bb el_class=\u00a0\u00bbbtn-gradient custom-btn-effect-1 custom-btn-1 text-center text-md-start\u00a0\u00bb link=\u00a0\u00bburl:https%3A%2F%2Fi-b2b.co%2Ffr%2Fcontact-us%2F|title:Contactez\u00a0\u00bb][\/vc_column_inner][vc_column_inner width=\u00a0\u00bb1\/2&Prime;][vc_single_image image=\u00a0\u00bb4340&Prime; img_size=\u00a0\u00bbfull\u00a0\u00bb alignment=\u00a0\u00bbright\u00a0\u00bb][\/vc_column_inner][\/vc_row_inner][\/vc_column][\/vc_row][vc_row wrap_container=\u00a0\u00bbyes\u00a0\u00bb conditional_render=\u00a0\u00bb%5B%7B%22value_role%22%3A%22administrator%22%7D%5D\u00a0\u00bb][vc_column conditional_render=\u00a0\u00bb%5B%7B%22value_role%22%3A%22administrator%22%7D%5D\u00a0\u00bb el_class=\u00a0\u00bbmx-auto\u00a0\u00bb][vc_separator color=\u00a0\u00bbcustom\u00a0\u00bb style=\u00a0\u00bbsolid\u00a0\u00bb accent_color=\u00a0\u00bbrgba(0,0,0,0.06)\u00a0\u00bb css=\u00a0\u00bb.vc_custom_1662538941624{margin-top: 15px !important;margin-bottom: 15px !important;}\u00a0\u00bb][\/vc_column][\/vc_row][vc_row wrap_container=\u00a0\u00bbyes\u00a0\u00bb content_placement=\u00a0\u00bbmiddle\u00a0\u00bb text_align=\u00a0\u00bbjustify\u00a0\u00bb conditional_render=\u00a0\u00bb%5B%7B%22value_role%22%3A%22administrator%22%7D%5D\u00a0\u00bb el_class=\u00a0\u00bbcustom-with-svg\u00a0\u00bb css=\u00a0\u00bb.vc_custom_1702557875734{margin-top: 5.1875rem !important;}\u00a0\u00bb el_id=\u00a0\u00bbDes-expositions\u00a0\u00bb][vc_column][vc_row_inner][vc_column_inner width=\u00a0\u00bb1\/2&Prime;][vc_single_image image=\u00a0\u00bb4338&Prime; img_size=\u00a0\u00bbfull\u00a0\u00bb][\/vc_column_inner][vc_column_inner width=\u00a0\u00bb1\/2&Prime;][vc_custom_heading text=\u00a0\u00bbDes expositions\u00a0\u00bb font_container=\u00a0\u00bbtag:h2|font_size:2.7rem|text_align:left|line_height:1.1em\u00a0\u00bb use_theme_fonts=\u00a0\u00bbyes\u00a0\u00bb font_weight=\u00a0\u00bb600&Prime; letter_spacing=\u00a0\u00bb-2.16px\u00a0\u00bb el_class=\u00a0\u00bbtext-lg-start\u00a0\u00bb css=\u00a0\u00bb.vc_custom_1705636441673{margin-bottom: 20px !important;}\u00a0\u00bb][vc_custom_heading text=\u00a0\u00bbReconnaissant l&rsquo;importance des expositions industrielles, B2B Matchmaking aide les entreprises \u00e0 participer \u00e0 des salons et expositions pertinents dans le monde entier. Ils fournissent des services de gestion d&rsquo;exposition de bout en bout, y compris la conception et la construction de stands, la coordination logistique et les activit\u00e9s promotionnelles. Le Matchmaking B2B garantit que les entreprises font une impression durable lors des expositions en cr\u00e9ant des exp\u00e9riences de marque convaincantes et en facilitant des interactions significatives avec des clients et partenaires potentiels. Exposer \u00e0 des salons professionnels permet aux entreprises de pr\u00e9senter leurs produits, de g\u00e9n\u00e9rer des prospects et de rester inform\u00e9es des tendances du secteur, tout en tirant parti de l&rsquo;expertise de B2B Matchmaking pour maximiser leur retour sur investissement.\u00a0\u00bb font_container=\u00a0\u00bbtag:p|font_size:18px|text_align:left|line_height:1.6em\u00a0\u00bb use_theme_fonts=\u00a0\u00bbyes\u00a0\u00bb el_class=\u00a0\u00bbtext-lg-start\u00a0\u00bb css=\u00a0\u00bb.vc_custom_1705636450240{margin-bottom: 28px !important;}\u00a0\u00bb][vc_btn title=\u00a0\u00bbContactez-nous\u00a0\u00bb style=\u00a0\u00bbmodern\u00a0\u00bb color=\u00a0\u00bbdanger\u00a0\u00bb size=\u00a0\u00bbxl\u00a0\u00bb el_class=\u00a0\u00bbbtn-gradient custom-btn-effect-1 custom-btn-1 text-center text-md-start\u00a0\u00bb link=\u00a0\u00bburl:https%3A%2F%2Fi-b2b.co%2Ffr%2Fcontact-us%2F|title:Contactez\u00a0\u00bb][\/vc_column_inner][\/vc_row_inner][\/vc_column][\/vc_row][vc_row wrap_container=\u00a0\u00bbyes\u00a0\u00bb conditional_render=\u00a0\u00bb%5B%7B%22value_role%22%3A%22administrator%22%7D%5D\u00a0\u00bb][vc_column conditional_render=\u00a0\u00bb%5B%7B%22value_role%22%3A%22administrator%22%7D%5D\u00a0\u00bb el_class=\u00a0\u00bbmx-auto\u00a0\u00bb][vc_separator color=\u00a0\u00bbcustom\u00a0\u00bb style=\u00a0\u00bbsolid\u00a0\u00bb accent_color=\u00a0\u00bbrgba(0,0,0,0.06)\u00a0\u00bb css=\u00a0\u00bb.vc_custom_1662538941624{margin-top: 15px !important;margin-bottom: 15px !important;}\u00a0\u00bb][\/vc_column][\/vc_row]<\/p>\n<\/div>","protected":false},"excerpt":{"rendered":"<p>[vc_row full_width=\u00a0\u00bbstretch_row_content_no_spaces\u00a0\u00bb conditional_render=\u00a0\u00bb%5B%7B%22value_role%22%3A%22administrator%22%7D%5D\u00a0\u00bb][vc_column][vc_row_inner][vc_column_inner][\/vc_column_inner][\/vc_row_inner][\/vc_column][\/vc_row][vc_row wrap_container=\u00a0\u00bbyes\u00a0\u00bb content_placement=\u00a0\u00bbmiddle\u00a0\u00bb text_align=\u00a0\u00bbjustify\u00a0\u00bb conditional_render=\u00a0\u00bb%5B%7B%22value_role%22%3A%22administrator%22%7D%5D\u00a0\u00bb el_class=\u00a0\u00bbcustom-with-svg\u00a0\u00bb css=\u00a0\u00bb.vc_custom_1705592246375{margin-top: 3.8125rem !important;}\u00a0\u00bb el_id=\u00a0\u00bbPrestations-d-exportation\u00a0\u00bb][vc_column][vc_row_inner][vc_column_inner width=\u00a0\u00bb1\/2&Prime;][vc_single_image image=\u00a0\u00bb4334&Prime; img_size=\u00a0\u00bbfull\u00a0\u00bb][\/vc_column_inner][vc_column_inner width=\u00a0\u00bb1\/2&Prime;][vc_custom_heading text=\u00a0\u00bbPrestations d&rsquo;exportation\u00a0\u00bb font_container=\u00a0\u00bbtag:h2|font_size:2.7rem|text_align:left|line_height:1.1em\u00a0\u00bb use_theme_fonts=\u00a0\u00bbyes\u00a0\u00bb font_weight=\u00a0\u00bb600&Prime; letter_spacing=\u00a0\u00bb-2.16px\u00a0\u00bb el_class=\u00a0\u00bbtext-lg-start\u00a0\u00bb css=\u00a0\u00bb.vc_custom_1705636322049{margin-bottom: 20px !important;}\u00a0\u00bb][vc_custom_heading text=\u00a0\u00bbDans le cadre de sa gamme compl\u00e8te de services, B2B Matchmaking propose des services d&rsquo;exportation destin\u00e9s aux entreprises cherchant \u00e0 \u00e9tendre leurs op\u00e9rations \u00e0 l&rsquo;\u00e9chelle mondiale. Tirant parti de [&hellip;]<\/p>\n","protected":false},"author":1,"featured_media":0,"parent":0,"menu_order":0,"comment_status":"closed","ping_status":"closed","template":"","meta":{"_acf_changed":false,"footnotes":""},"class_list":["post-1955","page","type-page","status-publish","hentry"],"acf":[],"_links":{"self":[{"href":"https:\/\/i-b2b.co\/fr\/wp-json\/wp\/v2\/pages\/1955","targetHints":{"allow":["GET"]}}],"collection":[{"href":"https:\/\/i-b2b.co\/fr\/wp-json\/wp\/v2\/pages"}],"about":[{"href":"https:\/\/i-b2b.co\/fr\/wp-json\/wp\/v2\/types\/page"}],"author":[{"embeddable":true,"href":"https:\/\/i-b2b.co\/fr\/wp-json\/wp\/v2\/users\/1"}],"replies":[{"embeddable":true,"href":"https:\/\/i-b2b.co\/fr\/wp-json\/wp\/v2\/comments?post=1955"}],"version-history":[{"count":19,"href":"https:\/\/i-b2b.co\/fr\/wp-json\/wp\/v2\/pages\/1955\/revisions"}],"predecessor-version":[{"id":5715,"href":"https:\/\/i-b2b.co\/fr\/wp-json\/wp\/v2\/pages\/1955\/revisions\/5715"}],"wp:attachment":[{"href":"https:\/\/i-b2b.co\/fr\/wp-json\/wp\/v2\/media?parent=1955"}],"curies":[{"name":"wp","href":"https:\/\/api.w.org\/{rel}","templated":true}]}}