{"id":1945,"date":"2023-11-12T11:56:47","date_gmt":"2023-11-12T11:56:47","guid":{"rendered":"https:\/\/i-b2b.co\/about-us\/"},"modified":"2024-01-23T10:40:23","modified_gmt":"2024-01-23T10:40:23","slug":"about-us","status":"publish","type":"page","link":"https:\/\/i-b2b.co\/fr\/about-us\/","title":{"rendered":"\u00c0 propos"},"content":{"rendered":"<div class=\"wpb-content-wrapper\"><p>[vc_row wrap_container=\u00a0\u00bbyes\u00a0\u00bb conditional_render=\u00a0\u00bb%5B%7B%22value_role%22%3A%22administrator%22%7D%5D\u00a0\u00bb][vc_column][vc_row_inner css=\u00a0\u00bb.vc_custom_1701162701542{margin-bottom: -40px !important;}\u00a0\u00bb][vc_column_inner][vc_custom_heading text=\u00a0\u00bb\u00c0 propos de nous\u00a0\u00bb font_container=\u00a0\u00bbtag:h3|font_size:1.51875rem|text_align:left|line_height:1.5em\u00a0\u00bb use_theme_fonts=\u00a0\u00bbyes\u00a0\u00bb font_weight=\u00a0\u00bb500&Prime; css=\u00a0\u00bb.vc_custom_1702554801395{margin-bottom: 1.25rem !important;}\u00a0\u00bb][vc_column_text]\u00c0 propos de nous B2B Matchmaking est une agence qui propose une vari\u00e9t\u00e9 de services commerciaux et de conseil dans la r\u00e9gion Afrique.<br \/>\nL&rsquo;entreprise a \u00e9t\u00e9 fond\u00e9e en 2009, et le nombre d&#8217;employ\u00e9s de l&rsquo;entreprise n&rsquo;\u00e9tait que de trois seulement au Caire, et l&rsquo;entreprise ne pouvait pas organiser plus de deux \u00e9v\u00e9nements par an. Aujourd&rsquo;hui, notre entreprise compte 60 employ\u00e9s hautement qualifi\u00e9s qui travaillent dans 13 pays. L&rsquo;entreprise peut d\u00e9sormais organiser plus de 100 \u00e9v\u00e9nements annuels, l&rsquo;entreprise est la premi\u00e8re entreprise \u00e0 utiliser une application mobile pour organiser des r\u00e9unions bilat\u00e9rales. Nous disposons d&rsquo;une base de donn\u00e9es r\u00e9elle et directe de plus de 100 000 importateurs de 70 pays, et l&rsquo;entreprise b\u00e9n\u00e9ficie actuellement de la confiance des plus grandes institutions gouvernementales et commerciales du monde.[\/vc_column_text][vc_empty_space][\/vc_column_inner][\/vc_row_inner][vc_empty_space][\/vc_column][\/vc_row][vc_row wrap_container=\u00a0\u00bbyes\u00a0\u00bb conditional_render=\u00a0\u00bb%5B%7B%22value_role%22%3A%22administrator%22%7D%5D\u00a0\u00bb][vc_column][vc_row_inner][vc_column_inner width=\u00a0\u00bb1\/2&Prime; css=\u00a0\u00bb.vc_custom_1701612116923{border-radius: 1px !important;}\u00a0\u00bb]<h2 class=\"word-rotator push\" style=\"font-size:20px;text-align:left;\" data-plugin-options=\"{'waittime': 2500, 'pauseOnHover': false}\"><span class=\"word-rotate-prefix\" style=\"font-size:20px !important;\">\u00e0 100<\/span> <span class=\"word-rotator-items has-bg\" style=\"color:#ffffff;background:#d21118;\"><b class=\"active\">Missions<\/b><\/span> <span class=\"word-rotate-suffix\" style=\"font-size:20px !important;\">Commerciales<\/span><\/h2><h2 class=\"word-rotator push\" style=\"font-size:20px;text-align:left;\" data-plugin-options=\"{'waittime': 2500, 'pauseOnHover': false}\"><span class=\"word-rotate-prefix\" style=\"font-size:20px !important;\">2,5 milliards<\/span> <span class=\"word-rotator-items has-bg\" style=\"color:#ffffff;background:#d21118;\"><b class=\"active\">de volume<\/b><\/span> <span class=\"word-rotate-suffix\" style=\"font-size:20px !important;\">d&#039;exportations r\u00e9alis\u00e9s.<\/span><\/h2><h2 class=\"word-rotator push\" style=\"font-size:20px;text-align:left;\" data-plugin-options=\"{'waittime': 2500, 'pauseOnHover': false}\"><span class=\"word-rotate-prefix\" style=\"font-size:20px !important;\">300,000<\/span> <span class=\"word-rotator-items has-bg\" style=\"color:#ffffff;background:#d21118;\"><b class=\"active\">R\u00e9unions<\/b><\/span> <span class=\"word-rotate-suffix\" style=\"font-size:20px !important;\">Bilat\u00e9rales<\/span><\/h2><h2 class=\"word-rotator push\" style=\"font-size:20px;text-align:left;\" data-plugin-options=\"{'waittime': 2500, 'pauseOnHover': false}\"><span class=\"word-rotate-prefix\" style=\"font-size:20px !important;\">P\u00e9n\u00e9tration de<\/span> <span class=\"word-rotator-items has-bg\" style=\"color:#ffffff;background:#d21118;\"><b class=\"active\">70 march\u00e9s<\/b><\/span> <span class=\"word-rotate-suffix\" style=\"font-size:20px !important;\">internationaux.<\/span><\/h2><h2 class=\"word-rotator push\" style=\"font-size:20px;text-align:left;\" data-plugin-options=\"{'waittime': 2500, 'pauseOnHover': false}\"><span class=\"word-rotate-prefix\" style=\"font-size:20px !important;\">60<\/span> <span class=\"word-rotator-items has-bg\" style=\"color:#ffffff;background:#d21118;\"><b class=\"active\">Expositions<\/b><\/span> <span class=\"word-rotate-suffix\" style=\"font-size:20px !important;\">Internationales.<\/span><\/h2><h2 class=\"word-rotator push  vc_custom_1704881781677\" style=\"font-size:19PX;text-align:left;\" data-plugin-options=\"{'waittime': 2500, 'pauseOnHover': false}\"><span class=\"word-rotate-prefix\" style=\"font-size:19PX !important;\">Formation de<\/span> <span class=\"word-rotator-items has-bg\" style=\"color:#ffffff;background:#d21118;\"><b class=\"active\">35,000 personnes<\/b><\/span> <span class=\"word-rotate-suffix\" style=\"font-size:19PX !important;\">aux principes du commerce international.<\/span><\/h2>[\/vc_column_inner][vc_column_inner width=\u00a0\u00bb1\/2&Prime;][vc_single_image image=\u00a0\u00bb1615&Prime; img_size=\u00a0\u00bbfull\u00a0\u00bb][\/vc_column_inner][\/vc_row_inner][\/vc_column][\/vc_row][vc_row wrap_container=\u00a0\u00bbyes\u00a0\u00bb conditional_render=\u00a0\u00bb%5B%7B%22value_role%22%3A%22administrator%22%7D%5D\u00a0\u00bb][vc_column][vc_btn title=\u00a0\u00bbContactez-nous\u00a0\u00bb style=\u00a0\u00bbmodern\u00a0\u00bb color=\u00a0\u00bbdanger\u00a0\u00bb size=\u00a0\u00bblg\u00a0\u00bb skin=\u00a0\u00bbprimary\u00a0\u00bb custom_onclick=\u00a0\u00bbtrue\u00a0\u00bb link=\u00a0\u00bburl:https%3A%2F%2Fi-b2b.co%2Ffr%2Fcontact-us%2F|title:Contact%20us\u00a0\u00bb el_class=\u00a0\u00bbbtn-gradient custom-btn-effect-1 custom-btn-1 text-center text-md-start\u00a0\u00bb][\/vc_column][\/vc_row][vc_row full_width=\u00a0\u00bbstretch_row\u00a0\u00bb wrap_container=\u00a0\u00bbyes\u00a0\u00bb is_section=\u00a0\u00bbyes\u00a0\u00bb conditional_render=\u00a0\u00bb%5B%7B%22value_role%22%3A%22administrator%22%7D%5D\u00a0\u00bb el_id=\u00a0\u00bbNotre-Mission\u00a0\u00bb][vc_column][vc_empty_space][vc_empty_space][vc_row_inner][vc_column_inner width=\u00a0\u00bb1\/2&Prime;][vc_single_image image=\u00a0\u00bb4351&Prime; img_size=\u00a0\u00bbfull\u00a0\u00bb alignment=\u00a0\u00bbcenter\u00a0\u00bb style=\u00a0\u00bbvc_box_rounded\u00a0\u00bb][\/vc_column_inner][vc_column_inner width=\u00a0\u00bb1\/2&Prime;][vc_custom_heading text=\u00a0\u00bbMissionnaire\u00a0\u00bb font_container=\u00a0\u00bbtag:h3|font_size:1.51875rem|text_align:left|line_height:1.5em\u00a0\u00bb use_theme_fonts=\u00a0\u00bbyes\u00a0\u00bb font_weight=\u00a0\u00bb500&Prime; css=\u00a0\u00bb.vc_custom_1704880773791{margin-bottom: 1.25rem !important;}\u00a0\u00bb][vc_column_text css=\u00a0\u00bb.vc_custom_1704880753350{margin-top: -30px !important;}\u00a0\u00bb]Notre mission est de cr\u00e9er un pont de communication entre exportateurs et importateurs qui soit facile \u00e0 traverser et permette \u00e0 chacun d&rsquo;atteindre la destination souhait\u00e9e.[\/vc_column_text][\/vc_column_inner][\/vc_row_inner][\/vc_column][\/vc_row][vc_row el_id=\u00a0\u00bbNotre-vision\u00a0\u00bb conditional_render=\u00a0\u00bb%5B%7B%22value_role%22%3A%22administrator%22%7D%5D\u00a0\u00bb][vc_column][vc_empty_space][vc_empty_space][\/vc_column][\/vc_row][vc_row conditional_render=\u00a0\u00bb%5B%7B%22value_role%22%3A%22administrator%22%7D%5D\u00a0\u00bb][vc_column width=\u00a0\u00bb1\/2&Prime; css=\u00a0\u00bb.vc_custom_1700732604967{margin-top: -10px !important;}\u00a0\u00bb conditional_render=\u00a0\u00bb%5B%7B%22value_role%22%3A%22administrator%22%7D%5D\u00a0\u00bb][vc_empty_space][vc_custom_heading text=\u00a0\u00bbVision\u00a0\u00bb font_container=\u00a0\u00bbtag:h3|font_size:1.51875rem|text_align:left|line_height:1.5em\u00a0\u00bb use_theme_fonts=\u00a0\u00bbyes\u00a0\u00bb font_weight=\u00a0\u00bb500&Prime;][vc_column_text css=\u00a0\u00bb.vc_custom_1704880847102{margin-top: -30px !important;}\u00a0\u00bb]Notre vision est de d\u00e9velopper des canaux de communication entre exportateurs et importateurs et \u00e9galement de cr\u00e9er des solutions efficaces pour \u00e9conomiser du temps, des efforts et de l&rsquo;argent pour conclure de bonnes affaires, ainsi que d&rsquo;am\u00e9liorer les performances des ressources humaines travaillant dans le domaine du commerce international et d&rsquo;utiliser la technologie moderne pour d\u00e9velopper commerce international et pour que notre entreprise soit l&rsquo;incubateur commercial de la communaut\u00e9 des exportateurs.[\/vc_column_text][\/vc_column][vc_column width=\u00a0\u00bb1\/2&Prime;][vc_single_image image=\u00a0\u00bb1321&Prime; img_size=\u00a0\u00bbfull\u00a0\u00bb alignment=\u00a0\u00bbcenter\u00a0\u00bb style=\u00a0\u00bbvc_box_rounded\u00a0\u00bb][\/vc_column][\/vc_row]<\/p>\n<\/div>","protected":false},"excerpt":{"rendered":"<p>[vc_row wrap_container=\u00a0\u00bbyes\u00a0\u00bb conditional_render=\u00a0\u00bb%5B%7B%22value_role%22%3A%22administrator%22%7D%5D\u00a0\u00bb][vc_column][vc_row_inner css=\u00a0\u00bb.vc_custom_1701162701542{margin-bottom: -40px !important;}\u00a0\u00bb][vc_column_inner][vc_custom_heading text=\u00a0\u00bb\u00c0 propos de nous\u00a0\u00bb font_container=\u00a0\u00bbtag:h3|font_size:1.51875rem|text_align:left|line_height:1.5em\u00a0\u00bb use_theme_fonts=\u00a0\u00bbyes\u00a0\u00bb font_weight=\u00a0\u00bb500&Prime; css=\u00a0\u00bb.vc_custom_1702554801395{margin-bottom: 1.25rem !important;}\u00a0\u00bb][vc_column_text]\u00c0 propos de nous B2B Matchmaking est une agence qui propose une vari\u00e9t\u00e9 de services commerciaux et de conseil dans la r\u00e9gion Afrique. L&rsquo;entreprise a \u00e9t\u00e9 fond\u00e9e en 2009, et le nombre d&#8217;employ\u00e9s de l&rsquo;entreprise n&rsquo;\u00e9tait que de trois seulement [&hellip;]<\/p>\n","protected":false},"author":1,"featured_media":0,"parent":0,"menu_order":0,"comment_status":"closed","ping_status":"closed","template":"","meta":{"_acf_changed":false,"footnotes":""},"class_list":["post-1945","page","type-page","status-publish","hentry"],"acf":[],"_links":{"self":[{"href":"https:\/\/i-b2b.co\/fr\/wp-json\/wp\/v2\/pages\/1945","targetHints":{"allow":["GET"]}}],"collection":[{"href":"https:\/\/i-b2b.co\/fr\/wp-json\/wp\/v2\/pages"}],"about":[{"href":"https:\/\/i-b2b.co\/fr\/wp-json\/wp\/v2\/types\/page"}],"author":[{"embeddable":true,"href":"https:\/\/i-b2b.co\/fr\/wp-json\/wp\/v2\/users\/1"}],"replies":[{"embeddable":true,"href":"https:\/\/i-b2b.co\/fr\/wp-json\/wp\/v2\/comments?post=1945"}],"version-history":[{"count":13,"href":"https:\/\/i-b2b.co\/fr\/wp-json\/wp\/v2\/pages\/1945\/revisions"}],"predecessor-version":[{"id":5701,"href":"https:\/\/i-b2b.co\/fr\/wp-json\/wp\/v2\/pages\/1945\/revisions\/5701"}],"wp:attachment":[{"href":"https:\/\/i-b2b.co\/fr\/wp-json\/wp\/v2\/media?parent=1945"}],"curies":[{"name":"wp","href":"https:\/\/api.w.org\/{rel}","templated":true}]}}